{"id":143,"date":"2009-03-13T14:18:12","date_gmt":"2009-03-13T14:18:12","guid":{"rendered":"http:\/\/Fabiopc\/wordpress\/?page_id=143"},"modified":"2017-01-24T23:09:48","modified_gmt":"2017-01-24T23:09:48","slug":"recursos-humanos","status":"publish","type":"page","link":"https:\/\/finoeste.pt\/?page_id=143","title":{"rendered":"Recursos Humanos"},"content":{"rendered":"<p style=\"text-align: justify;\">A<span style=\"color: #000000;\"><b>\u00a0<span style=\"color: #333399;\">Finoeste<\/span>\u00a0<\/b><\/span>\u00e9 uma empresa em constante evolu\u00e7\u00e3o, contando para esse efeito com o contributo imprescind\u00edvel dos seus quadros e da experi\u00eancia destes.<\/p>\n<p class=\"MsoNormal\" style=\"text-align: justify;\">A nossa equipa \u00e9 constitu\u00edda principalmente por profissionais com experi\u00eancia na \u00e1rea da consultoria fiscal e financeira.<\/p>\n<p class=\"MsoNormal\" style=\"text-align: justify;\">A forma\u00e7\u00e3o no local de trabalho \u00e9 uma das nossas apostas conjugada com a forma\u00e7\u00e3o cont\u00ednua nas mat\u00e9rias contabil\u00edsticas e fiscais, para desta forma os nossos profissionais estarem sempre \u00e0 altura das responsabilidades que assumem perante os nossos clientes.<\/p>\n<p class=\"MsoNormal\" style=\"text-align: justify;\">Se te rev\u00eas na nossa filosofia de trabalho, envia-nos o teu <em>curriculum vitae<\/em> para o nosso <a title=\"e-mail\" href=\"mailto:geral@finoeste.pt\">e-mail<\/a>.<\/p>\n<p class=\"MsoNormal\" style=\"text-align: justify;\"><a href=\"http:\/\/finoeste.pt\/wp-content\/uploads\/2009\/03\/rh2.jpg\" rel=\"attachment wp-att-535\"><img loading=\"lazy\" decoding=\"async\" class=\" wp-image-535 aligncenter\" src=\"http:\/\/finoeste.pt\/wp-content\/uploads\/2009\/03\/rh2-300x225.jpg\" alt=\"rh2\" width=\"376\" height=\"282\" srcset=\"https:\/\/finoeste.pt\/wp-content\/uploads\/2009\/03\/rh2-300x225.jpg 300w, https:\/\/finoeste.pt\/wp-content\/uploads\/2009\/03\/rh2.jpg 400w\" sizes=\"(max-width: 376px) 100vw, 376px\" \/><\/a><\/p>\n<p class=\"MsoNormal\" style=\"text-align: justify;\">\n","protected":false},"excerpt":{"rendered":"<p>A\u00a0Finoeste\u00a0\u00e9 uma empresa em constante evolu\u00e7\u00e3o, contando para esse efeito com o contributo imprescind\u00edvel dos seus quadros e da experi\u00eancia destes. A nossa equipa \u00e9 constitu\u00edda principalmente por profissionais com experi\u00eancia na \u00e1rea da consultoria fiscal e financeira. A forma\u00e7\u00e3o no local de trabalho \u00e9 uma das nossas apostas conjugada com a forma\u00e7\u00e3o cont\u00ednua nas mat\u00e9rias contabil\u00edsticas e fiscais, para desta forma os nossos profissionais estarem sempre \u00e0 altura das responsabilidades que assumem perante os nossos clientes. Se te rev\u00eas na nossa filosofia de trabalho, envia-nos o teu curriculum vitae para o nosso e-mail.<\/p>\n","protected":false},"author":2,"featured_media":0,"parent":0,"menu_order":3,"comment_status":"closed","ping_status":"closed","template":"","meta":{"footnotes":""},"_links":{"self":[{"href":"https:\/\/finoeste.pt\/index.php?rest_route=\/wp\/v2\/pages\/143"}],"collection":[{"href":"https:\/\/finoeste.pt\/index.php?rest_route=\/wp\/v2\/pages"}],"about":[{"href":"https:\/\/finoeste.pt\/index.php?rest_route=\/wp\/v2\/types\/page"}],"author":[{"embeddable":true,"href":"https:\/\/finoeste.pt\/index.php?rest_route=\/wp\/v2\/users\/2"}],"replies":[{"embeddable":true,"href":"https:\/\/finoeste.pt\/index.php?rest_route=%2Fwp%2Fv2%2Fcomments&post=143"}],"version-history":[{"count":15,"href":"https:\/\/finoeste.pt\/index.php?rest_route=\/wp\/v2\/pages\/143\/revisions"}],"predecessor-version":[{"id":897,"href":"https:\/\/finoeste.pt\/index.php?rest_route=\/wp\/v2\/pages\/143\/revisions\/897"}],"wp:attachment":[{"href":"https:\/\/finoeste.pt\/index.php?rest_route=%2Fwp%2Fv2%2Fmedia&parent=143"}],"curies":[{"name":"wp","href":"https:\/\/api.w.org\/{rel}","templated":true}]}}