{"id":954,"date":"2018-01-08T18:29:04","date_gmt":"2018-01-08T18:29:04","guid":{"rendered":"http:\/\/finoeste.pt\/?page_id=954"},"modified":"2018-01-08T18:29:55","modified_gmt":"2018-01-08T18:29:55","slug":"missao","status":"publish","type":"page","link":"https:\/\/finoeste.pt\/?page_id=954","title":{"rendered":"Miss\u00e3o"},"content":{"rendered":"<p>A <strong>Finoeste &#8211; Consultoria Fiscal e Financeira<\/strong>, tem como miss\u00e3o transmitir aos nossos clientes os melhores servi\u00e7os de Contabilidade, apoio \u00e0 Gest\u00e3o e Consultoria em Fiscalidade, contribuindo assim para uma melhor efici\u00eancia e organiza\u00e7\u00e3o empresarial.<\/p>\n<p>Somos uma empresa atenta ao futuro que utiliza o seu conhecimento em prol do crescimento dos nossos clientes.<\/p>\n<p>A responsabilidade e compet\u00eancia s\u00e3o as nossas principais aptid\u00f5es. A inova\u00e7\u00e3o est\u00e1 aliada \u00e0 nossa empresa para uma melhor resposta ao mercado.<\/p>\n<p>&nbsp;<\/p>\n<p style=\"text-align: center;\"><a href=\"http:\/\/finoeste.pt\/wp-content\/uploads\/2016\/01\/ParceiroFiscal.jpg\"><img loading=\"lazy\" decoding=\"async\" class=\"alignnone size-medium wp-image-511\" src=\"http:\/\/finoeste.pt\/wp-content\/uploads\/2016\/01\/ParceiroFiscal-300x241.jpg\" alt=\"\" width=\"300\" height=\"241\" srcset=\"https:\/\/finoeste.pt\/wp-content\/uploads\/2016\/01\/ParceiroFiscal-300x241.jpg 300w, https:\/\/finoeste.pt\/wp-content\/uploads\/2016\/01\/ParceiroFiscal.jpg 610w\" sizes=\"(max-width: 300px) 100vw, 300px\" \/><\/a><\/p>\n<p>&nbsp;<\/p>\n","protected":false},"excerpt":{"rendered":"<p>A Finoeste &#8211; Consultoria Fiscal e Financeira, tem como miss\u00e3o transmitir aos nossos clientes os melhores servi\u00e7os de Contabilidade, apoio \u00e0 Gest\u00e3o e Consultoria em Fiscalidade, contribuindo assim para uma melhor efici\u00eancia e organiza\u00e7\u00e3o empresarial. Somos uma empresa atenta ao futuro que utiliza o seu conhecimento em prol do crescimento dos nossos clientes. A responsabilidade e compet\u00eancia s\u00e3o as nossas principais aptid\u00f5es. A inova\u00e7\u00e3o est\u00e1 aliada \u00e0 nossa empresa para uma melhor resposta ao mercado. &nbsp; &nbsp;<\/p>\n","protected":false},"author":2,"featured_media":0,"parent":135,"menu_order":0,"comment_status":"closed","ping_status":"closed","template":"","meta":{"footnotes":""},"_links":{"self":[{"href":"https:\/\/finoeste.pt\/index.php?rest_route=\/wp\/v2\/pages\/954"}],"collection":[{"href":"https:\/\/finoeste.pt\/index.php?rest_route=\/wp\/v2\/pages"}],"about":[{"href":"https:\/\/finoeste.pt\/index.php?rest_route=\/wp\/v2\/types\/page"}],"author":[{"embeddable":true,"href":"https:\/\/finoeste.pt\/index.php?rest_route=\/wp\/v2\/users\/2"}],"replies":[{"embeddable":true,"href":"https:\/\/finoeste.pt\/index.php?rest_route=%2Fwp%2Fv2%2Fcomments&post=954"}],"version-history":[{"count":3,"href":"https:\/\/finoeste.pt\/index.php?rest_route=\/wp\/v2\/pages\/954\/revisions"}],"predecessor-version":[{"id":957,"href":"https:\/\/finoeste.pt\/index.php?rest_route=\/wp\/v2\/pages\/954\/revisions\/957"}],"up":[{"embeddable":true,"href":"https:\/\/finoeste.pt\/index.php?rest_route=\/wp\/v2\/pages\/135"}],"wp:attachment":[{"href":"https:\/\/finoeste.pt\/index.php?rest_route=%2Fwp%2Fv2%2Fmedia&parent=954"}],"curies":[{"name":"wp","href":"https:\/\/api.w.org\/{rel}","templated":true}]}}