{"id":958,"date":"2018-01-08T18:32:15","date_gmt":"2018-01-08T18:32:15","guid":{"rendered":"http:\/\/finoeste.pt\/?page_id=958"},"modified":"2018-01-08T18:32:15","modified_gmt":"2018-01-08T18:32:15","slug":"visao","status":"publish","type":"page","link":"https:\/\/finoeste.pt\/?page_id=958","title":{"rendered":"Vis\u00e3o"},"content":{"rendered":"<p>A <strong>Finoeste, Lda<\/strong> tem como vis\u00e3o ser uma refer\u00eancia de excel\u00eancia na escolha dos empres\u00e1rios quanto aos servi\u00e7os de contabilidade e apoio \u00e0 Gest\u00e3o.\u00a0Ser reconhecida internamente pelos colaboradores como um local de trabalho de elei\u00e7\u00e3o e destacar-se no mercado como uma empresa comprometida com a transpar\u00eancia .<\/p>\n<p>Acreditamos que ao longo do tempo existir\u00e1 um aperfei\u00e7oamento das nossas habilita\u00e7\u00f5es de modo a atingirmos os elevados padr\u00f5es, que este ramo exige.<\/p>\n<p>&nbsp;<\/p>\n<p style=\"text-align: center;\"><a href=\"http:\/\/finoeste.pt\/wp-content\/uploads\/2016\/01\/ParceiroFiscal.jpg\"><img loading=\"lazy\" decoding=\"async\" class=\"alignnone size-medium wp-image-511\" src=\"http:\/\/finoeste.pt\/wp-content\/uploads\/2016\/01\/ParceiroFiscal-300x241.jpg\" alt=\"\" width=\"300\" height=\"241\" srcset=\"https:\/\/finoeste.pt\/wp-content\/uploads\/2016\/01\/ParceiroFiscal-300x241.jpg 300w, https:\/\/finoeste.pt\/wp-content\/uploads\/2016\/01\/ParceiroFiscal.jpg 610w\" sizes=\"(max-width: 300px) 100vw, 300px\" \/><\/a><\/p>\n","protected":false},"excerpt":{"rendered":"<p>A Finoeste, Lda tem como vis\u00e3o ser uma refer\u00eancia de excel\u00eancia na escolha dos empres\u00e1rios quanto aos servi\u00e7os de contabilidade e apoio \u00e0 Gest\u00e3o.\u00a0Ser reconhecida internamente pelos colaboradores como um local de trabalho de elei\u00e7\u00e3o e destacar-se no mercado como uma empresa comprometida com a transpar\u00eancia . Acreditamos que ao longo do tempo existir\u00e1 um aperfei\u00e7oamento das nossas habilita\u00e7\u00f5es de modo a atingirmos os elevados padr\u00f5es, que este ramo exige. &nbsp;<\/p>\n","protected":false},"author":2,"featured_media":0,"parent":135,"menu_order":0,"comment_status":"closed","ping_status":"closed","template":"","meta":{"footnotes":""},"_links":{"self":[{"href":"https:\/\/finoeste.pt\/index.php?rest_route=\/wp\/v2\/pages\/958"}],"collection":[{"href":"https:\/\/finoeste.pt\/index.php?rest_route=\/wp\/v2\/pages"}],"about":[{"href":"https:\/\/finoeste.pt\/index.php?rest_route=\/wp\/v2\/types\/page"}],"author":[{"embeddable":true,"href":"https:\/\/finoeste.pt\/index.php?rest_route=\/wp\/v2\/users\/2"}],"replies":[{"embeddable":true,"href":"https:\/\/finoeste.pt\/index.php?rest_route=%2Fwp%2Fv2%2Fcomments&post=958"}],"version-history":[{"count":1,"href":"https:\/\/finoeste.pt\/index.php?rest_route=\/wp\/v2\/pages\/958\/revisions"}],"predecessor-version":[{"id":959,"href":"https:\/\/finoeste.pt\/index.php?rest_route=\/wp\/v2\/pages\/958\/revisions\/959"}],"up":[{"embeddable":true,"href":"https:\/\/finoeste.pt\/index.php?rest_route=\/wp\/v2\/pages\/135"}],"wp:attachment":[{"href":"https:\/\/finoeste.pt\/index.php?rest_route=%2Fwp%2Fv2%2Fmedia&parent=958"}],"curies":[{"name":"wp","href":"https:\/\/api.w.org\/{rel}","templated":true}]}}