{"id":960,"date":"2018-01-08T18:34:40","date_gmt":"2018-01-08T18:34:40","guid":{"rendered":"http:\/\/finoeste.pt\/?page_id=960"},"modified":"2018-01-08T18:34:47","modified_gmt":"2018-01-08T18:34:47","slug":"valores","status":"publish","type":"page","link":"https:\/\/finoeste.pt\/?page_id=960","title":{"rendered":"Valores"},"content":{"rendered":"<p>S\u00e3o valores da Finoeste, Lda:<\/p>\n<p>&nbsp;<\/p>\n<ul>\n<li>Promover a satisfa\u00e7\u00e3o e fideliza\u00e7\u00e3o com os nossos clientes<\/li>\n<li>Apresentar uma excelente qualidade e rigor nos servi\u00e7os prestados, de forma a que profissionalismo seja o nosso cart\u00e3o de visita<\/li>\n<li>Atender \u00e0s necessidades das empresas com criatividade, rigor, economia, compet\u00eancia e racionalidade<\/li>\n<li>Garantir a qualidade t\u00e9cnica procurando sempre o melhor enquadramento e aconselhamento fiscal<\/li>\n<li>Praticar a \u00e9tica, a verdade, a honestidade e o respeito em todos os relacionamentos<\/li>\n<li>Apostar na boa conviv\u00eancia e respeito entre todos os colaboradores<\/li>\n<\/ul>\n<p>&nbsp;<\/p>\n<p style=\"text-align: center;\"><a href=\"http:\/\/finoeste.pt\/wp-content\/uploads\/2016\/01\/Logo_pto_2010.jpg\"><img loading=\"lazy\" decoding=\"async\" class=\"alignnone size-medium wp-image-507\" src=\"http:\/\/finoeste.pt\/wp-content\/uploads\/2016\/01\/Logo_pto_2010-300x134.jpg\" alt=\"\" width=\"300\" height=\"134\" srcset=\"https:\/\/finoeste.pt\/wp-content\/uploads\/2016\/01\/Logo_pto_2010-300x134.jpg 300w, https:\/\/finoeste.pt\/wp-content\/uploads\/2016\/01\/Logo_pto_2010-768x344.jpg 768w, https:\/\/finoeste.pt\/wp-content\/uploads\/2016\/01\/Logo_pto_2010-1024x459.jpg 1024w, https:\/\/finoeste.pt\/wp-content\/uploads\/2016\/01\/Logo_pto_2010.jpg 1197w\" sizes=\"(max-width: 300px) 100vw, 300px\" \/><\/a><\/p>\n","protected":false},"excerpt":{"rendered":"<p>S\u00e3o valores da Finoeste, Lda: &nbsp; Promover a satisfa\u00e7\u00e3o e fideliza\u00e7\u00e3o com os nossos clientes Apresentar uma excelente qualidade e rigor nos servi\u00e7os prestados, de forma a que profissionalismo seja o nosso cart\u00e3o de visita Atender \u00e0s necessidades das empresas com criatividade, rigor, economia, compet\u00eancia e racionalidade Garantir a qualidade t\u00e9cnica procurando sempre o melhor enquadramento e aconselhamento fiscal Praticar a \u00e9tica, a verdade, a honestidade e o respeito em todos os relacionamentos Apostar na boa conviv\u00eancia e respeito entre todos os colaboradores &nbsp;<\/p>\n","protected":false},"author":2,"featured_media":0,"parent":135,"menu_order":0,"comment_status":"closed","ping_status":"closed","template":"","meta":{"footnotes":""},"_links":{"self":[{"href":"https:\/\/finoeste.pt\/index.php?rest_route=\/wp\/v2\/pages\/960"}],"collection":[{"href":"https:\/\/finoeste.pt\/index.php?rest_route=\/wp\/v2\/pages"}],"about":[{"href":"https:\/\/finoeste.pt\/index.php?rest_route=\/wp\/v2\/types\/page"}],"author":[{"embeddable":true,"href":"https:\/\/finoeste.pt\/index.php?rest_route=\/wp\/v2\/users\/2"}],"replies":[{"embeddable":true,"href":"https:\/\/finoeste.pt\/index.php?rest_route=%2Fwp%2Fv2%2Fcomments&post=960"}],"version-history":[{"count":1,"href":"https:\/\/finoeste.pt\/index.php?rest_route=\/wp\/v2\/pages\/960\/revisions"}],"predecessor-version":[{"id":961,"href":"https:\/\/finoeste.pt\/index.php?rest_route=\/wp\/v2\/pages\/960\/revisions\/961"}],"up":[{"embeddable":true,"href":"https:\/\/finoeste.pt\/index.php?rest_route=\/wp\/v2\/pages\/135"}],"wp:attachment":[{"href":"https:\/\/finoeste.pt\/index.php?rest_route=%2Fwp%2Fv2%2Fmedia&parent=960"}],"curies":[{"name":"wp","href":"https:\/\/api.w.org\/{rel}","templated":true}]}}