{"id":977,"date":"2021-09-08T14:47:12","date_gmt":"2021-09-08T14:47:12","guid":{"rendered":"https:\/\/finoeste.pt\/?page_id=977"},"modified":"2021-09-08T14:49:44","modified_gmt":"2021-09-08T14:49:44","slug":"projetos-cofinanciados-pela-ue","status":"publish","type":"page","link":"https:\/\/finoeste.pt\/?page_id=977","title":{"rendered":"Projetos Cofinanciados pela UE"},"content":{"rendered":"<p>&nbsp;<\/p>\n<p><a href=\"https:\/\/finoeste.pt\/wp-content\/uploads\/2021\/09\/POCentro_PT2020_FEDER_Bom-1.jpg\"><img loading=\"lazy\" decoding=\"async\" class=\"alignleft size-large wp-image-982\" src=\"https:\/\/finoeste.pt\/wp-content\/uploads\/2021\/09\/POCentro_PT2020_FEDER_Bom-1-1024x155.jpg\" alt=\"\" width=\"1024\" height=\"155\" srcset=\"https:\/\/finoeste.pt\/wp-content\/uploads\/2021\/09\/POCentro_PT2020_FEDER_Bom-1-1024x155.jpg 1024w, https:\/\/finoeste.pt\/wp-content\/uploads\/2021\/09\/POCentro_PT2020_FEDER_Bom-1-300x45.jpg 300w, https:\/\/finoeste.pt\/wp-content\/uploads\/2021\/09\/POCentro_PT2020_FEDER_Bom-1-768x116.jpg 768w, https:\/\/finoeste.pt\/wp-content\/uploads\/2021\/09\/POCentro_PT2020_FEDER_Bom-1-1536x232.jpg 1536w, https:\/\/finoeste.pt\/wp-content\/uploads\/2021\/09\/POCentro_PT2020_FEDER_Bom-1-410x62.jpg 410w, https:\/\/finoeste.pt\/wp-content\/uploads\/2021\/09\/POCentro_PT2020_FEDER_Bom-1-100x15.jpg 100w, https:\/\/finoeste.pt\/wp-content\/uploads\/2021\/09\/POCentro_PT2020_FEDER_Bom-1-275x42.jpg 275w, https:\/\/finoeste.pt\/wp-content\/uploads\/2021\/09\/POCentro_PT2020_FEDER_Bom-1.jpg 1775w\" sizes=\"(max-width: 1024px) 100vw, 1024px\" \/><\/a><\/p>\n<p>&nbsp;<\/p>\n<p><strong>Designa\u00e7\u00e3o do Projeto:\u00a0<\/strong>Adaptar Microempresas<\/p>\n<p><strong>N\u00ba Projeto:\u00a0<\/strong>59607<\/p>\n<p><strong>Objetivo Principal:\u00a0<\/strong>Adaptar o escrit\u00f3rio da empresa para criar condi\u00e7\u00f5es seguras de trabalho aos colaboradores e clientes, cumprindo com as recomenda\u00e7\u00f5es emanadas pelas autoridades competentes<\/p>\n<p><strong>Regi\u00e3o de Interven\u00e7\u00e3o:\u00a0<\/strong>Centro<\/p>\n<p>&nbsp;<\/p>\n","protected":false},"excerpt":{"rendered":"<p>&nbsp; &nbsp; Designa\u00e7\u00e3o do Projeto:\u00a0Adaptar Microempresas N\u00ba Projeto:\u00a059607 Objetivo Principal:\u00a0Adaptar o escrit\u00f3rio da empresa para criar condi\u00e7\u00f5es seguras de trabalho aos colaboradores e clientes, cumprindo com as recomenda\u00e7\u00f5es emanadas pelas autoridades competentes Regi\u00e3o de Interven\u00e7\u00e3o:\u00a0Centro &nbsp;<\/p>\n","protected":false},"author":2,"featured_media":0,"parent":0,"menu_order":4,"comment_status":"closed","ping_status":"closed","template":"","meta":{"footnotes":""},"_links":{"self":[{"href":"https:\/\/finoeste.pt\/index.php?rest_route=\/wp\/v2\/pages\/977"}],"collection":[{"href":"https:\/\/finoeste.pt\/index.php?rest_route=\/wp\/v2\/pages"}],"about":[{"href":"https:\/\/finoeste.pt\/index.php?rest_route=\/wp\/v2\/types\/page"}],"author":[{"embeddable":true,"href":"https:\/\/finoeste.pt\/index.php?rest_route=\/wp\/v2\/users\/2"}],"replies":[{"embeddable":true,"href":"https:\/\/finoeste.pt\/index.php?rest_route=%2Fwp%2Fv2%2Fcomments&post=977"}],"version-history":[{"count":9,"href":"https:\/\/finoeste.pt\/index.php?rest_route=\/wp\/v2\/pages\/977\/revisions"}],"predecessor-version":[{"id":988,"href":"https:\/\/finoeste.pt\/index.php?rest_route=\/wp\/v2\/pages\/977\/revisions\/988"}],"wp:attachment":[{"href":"https:\/\/finoeste.pt\/index.php?rest_route=%2Fwp%2Fv2%2Fmedia&parent=977"}],"curies":[{"name":"wp","href":"https:\/\/api.w.org\/{rel}","templated":true}]}}